{"id":10,"date":"2013-05-21T02:18:17","date_gmt":"2013-05-21T02:18:17","guid":{"rendered":"http:\/\/ahero.com.co\/?page_id=10"},"modified":"2017-01-16T16:02:50","modified_gmt":"2017-01-16T16:02:50","slug":"servicios","status":"publish","type":"page","link":"https:\/\/www.ahero.com.co\/?page_id=10","title":{"rendered":"Servicios"},"content":{"rendered":"<h5>En cumplimiento del objeto de AherO Estudios T\u00e9cnicos Agr\u00edcolas S.A.S., ofrece sus servicios para la realizaci\u00f3n de las actividades que a continuaci\u00f3n se describe:<\/h5>\n<p>&nbsp;<\/p>\n<ul>\n<li>Manejo y aplicaci\u00f3n de sistemas de informaci\u00f3n geogr\u00e1fica para estudios de suelos, interventor\u00eda, censos, encuestas socioecon\u00f3micas, en el sector agropecuario.<\/li>\n<li>Elaboraci\u00f3n de estudios catastrales, aval\u00faos, participaciones, impactos ambientales.<\/li>\n<li>Elaboraci\u00f3n de estudios de pron\u00f3sticos de cosecha cafetera en Colombia y en Am\u00e9rica Latina.<\/li>\n<li>Estudios y evaluaci\u00f3n de cumplimientos de inversiones en predios agr\u00edcolas.<\/li>\n<li>Suministro de asistencia t\u00e9cnica en explotaciones cafeteras.<\/li>\n<li>Elaboraci\u00f3n de planes rurales de desarrollo regional.<\/li>\n<li>Todas las dem\u00e1s actividades relacionadas con planeaci\u00f3n, desarrollo, evaluaci\u00f3n y control en el sector agropecuario.<\/li>\n<\/ul>\n<h5><\/h5>\n","protected":false},"excerpt":{"rendered":"<p>En cumplimiento del objeto de AherO Estudios T\u00e9cnicos Agr\u00edcolas S.A.S., ofrece sus servicios para la realizaci\u00f3n de las actividades que a continuaci\u00f3n se describe: &nbsp; Manejo y aplicaci\u00f3n de sistemas de informaci\u00f3n geogr\u00e1fica para estudios de suelos, interventor\u00eda, censos, encuestas socioecon\u00f3micas, en el sector agropecuario. Elaboraci\u00f3n de estudios catastrales, aval\u00faos, participaciones, impactos ambientales. Elaboraci\u00f3n de [&hellip;]<\/p>\n","protected":false},"author":1,"featured_media":0,"parent":0,"menu_order":0,"comment_status":"open","ping_status":"open","template":"template-fullwidth.php","meta":{"footnotes":""},"class_list":["post-10","page","type-page","status-publish","hentry"],"_links":{"self":[{"href":"https:\/\/www.ahero.com.co\/index.php?rest_route=\/wp\/v2\/pages\/10"}],"collection":[{"href":"https:\/\/www.ahero.com.co\/index.php?rest_route=\/wp\/v2\/pages"}],"about":[{"href":"https:\/\/www.ahero.com.co\/index.php?rest_route=\/wp\/v2\/types\/page"}],"author":[{"embeddable":true,"href":"https:\/\/www.ahero.com.co\/index.php?rest_route=\/wp\/v2\/users\/1"}],"replies":[{"embeddable":true,"href":"https:\/\/www.ahero.com.co\/index.php?rest_route=%2Fwp%2Fv2%2Fcomments&post=10"}],"version-history":[{"count":7,"href":"https:\/\/www.ahero.com.co\/index.php?rest_route=\/wp\/v2\/pages\/10\/revisions"}],"predecessor-version":[{"id":121,"href":"https:\/\/www.ahero.com.co\/index.php?rest_route=\/wp\/v2\/pages\/10\/revisions\/121"}],"wp:attachment":[{"href":"https:\/\/www.ahero.com.co\/index.php?rest_route=%2Fwp%2Fv2%2Fmedia&parent=10"}],"curies":[{"name":"wp","href":"https:\/\/api.w.org\/{rel}","templated":true}]}}