{"id":16,"date":"2013-05-21T02:20:46","date_gmt":"2013-05-21T02:20:46","guid":{"rendered":"http:\/\/ahero.com.co\/?page_id=16"},"modified":"2018-10-03T19:45:56","modified_gmt":"2018-10-03T19:45:56","slug":"mision","status":"publish","type":"page","link":"https:\/\/www.ahero.com.co\/?page_id=16","title":{"rendered":"Mision"},"content":{"rendered":"<h5 align=\"justify\">La Misi\u00f3n de AherO Estudios T\u00e9cnicos Agr\u00edcolas S.A.S. es prestar servicios profesionales a agricultores. Empresas. Asociaciones, federaci\u00f3n de agricultores. Cooperativas de productores e instituciones bancarias en: la planeaci\u00f3n, control, supervisi\u00f3n, cumplimiento de programas  de cr\u00e9dito e interventor\u00eda y asistencia t\u00e9cnica en asuntos agr\u00edcolas  con especial \u00e9nfasis en caficultura y en estudios de fertilidad de suelos.<\/h5>\n<p><\/br><br \/>\n<\/br><\/p>\n<td colspan=\"2\"><img loading=\"lazy\" decoding=\"async\" class=\"aligncenter size-full wp-image-91\" alt=\"mision-vision\" src=\"https:\/\/ahero.com.co\/wp-content\/uploads\/2013\/05\/mision-vision.jpg\" width=\"890\" height=\"600\" \/><\/p>\n","protected":false},"excerpt":{"rendered":"<p>La Misi\u00f3n de AherO Estudios T\u00e9cnicos Agr\u00edcolas S.A.S. es prestar servicios profesionales a agricultores. Empresas. Asociaciones, federaci\u00f3n de agricultores. Cooperativas de productores e instituciones bancarias en: la planeaci\u00f3n, control, supervisi\u00f3n, cumplimiento de programas de cr\u00e9dito e interventor\u00eda y asistencia t\u00e9cnica en asuntos agr\u00edcolas con especial \u00e9nfasis en caficultura y en estudios de fertilidad de suelos.<\/p>\n","protected":false},"author":1,"featured_media":0,"parent":0,"menu_order":0,"comment_status":"closed","ping_status":"closed","template":"template-fullwidth.php","meta":{"footnotes":""},"class_list":["post-16","page","type-page","status-publish","hentry"],"_links":{"self":[{"href":"https:\/\/www.ahero.com.co\/index.php?rest_route=\/wp\/v2\/pages\/16"}],"collection":[{"href":"https:\/\/www.ahero.com.co\/index.php?rest_route=\/wp\/v2\/pages"}],"about":[{"href":"https:\/\/www.ahero.com.co\/index.php?rest_route=\/wp\/v2\/types\/page"}],"author":[{"embeddable":true,"href":"https:\/\/www.ahero.com.co\/index.php?rest_route=\/wp\/v2\/users\/1"}],"replies":[{"embeddable":true,"href":"https:\/\/www.ahero.com.co\/index.php?rest_route=%2Fwp%2Fv2%2Fcomments&post=16"}],"version-history":[{"count":40,"href":"https:\/\/www.ahero.com.co\/index.php?rest_route=\/wp\/v2\/pages\/16\/revisions"}],"predecessor-version":[{"id":132,"href":"https:\/\/www.ahero.com.co\/index.php?rest_route=\/wp\/v2\/pages\/16\/revisions\/132"}],"wp:attachment":[{"href":"https:\/\/www.ahero.com.co\/index.php?rest_route=%2Fwp%2Fv2%2Fmedia&parent=16"}],"curies":[{"name":"wp","href":"https:\/\/api.w.org\/{rel}","templated":true}]}}