{"id":17,"date":"2013-05-21T02:21:13","date_gmt":"2013-05-21T02:21:13","guid":{"rendered":"http:\/\/ahero.com.co\/?page_id=17"},"modified":"2017-01-16T16:02:18","modified_gmt":"2017-01-16T16:02:18","slug":"vision","status":"publish","type":"page","link":"https:\/\/www.ahero.com.co\/?page_id=17","title":{"rendered":"Valores Corporativos"},"content":{"rendered":"<h4 align=\"justify\">Los valores de AherO Estudios T\u00e9cnicos Agr\u00edcolas S.A.S. son el cumplimiento, la honestidad, veracidad de la informaci\u00f3n suministrada; para ello se manejan planes de seguimiento gerencial y capacitaci\u00f3n del personal adscrito a la empresa mediante contratos de Prestaci\u00f3n de Servicios T\u00e9cnicos.<\/h4>\n","protected":false},"excerpt":{"rendered":"<p>Los valores de AherO Estudios T\u00e9cnicos Agr\u00edcolas S.A.S. son el cumplimiento, la honestidad, veracidad de la informaci\u00f3n suministrada; para ello se manejan planes de seguimiento gerencial y capacitaci\u00f3n del personal adscrito a la empresa mediante contratos de Prestaci\u00f3n de Servicios T\u00e9cnicos.<\/p>\n","protected":false},"author":1,"featured_media":0,"parent":0,"menu_order":0,"comment_status":"closed","ping_status":"closed","template":"template-fullwidth.php","meta":{"footnotes":""},"class_list":["post-17","page","type-page","status-publish","hentry"],"_links":{"self":[{"href":"https:\/\/www.ahero.com.co\/index.php?rest_route=\/wp\/v2\/pages\/17"}],"collection":[{"href":"https:\/\/www.ahero.com.co\/index.php?rest_route=\/wp\/v2\/pages"}],"about":[{"href":"https:\/\/www.ahero.com.co\/index.php?rest_route=\/wp\/v2\/types\/page"}],"author":[{"embeddable":true,"href":"https:\/\/www.ahero.com.co\/index.php?rest_route=\/wp\/v2\/users\/1"}],"replies":[{"embeddable":true,"href":"https:\/\/www.ahero.com.co\/index.php?rest_route=%2Fwp%2Fv2%2Fcomments&post=17"}],"version-history":[{"count":9,"href":"https:\/\/www.ahero.com.co\/index.php?rest_route=\/wp\/v2\/pages\/17\/revisions"}],"predecessor-version":[{"id":47,"href":"https:\/\/www.ahero.com.co\/index.php?rest_route=\/wp\/v2\/pages\/17\/revisions\/47"}],"wp:attachment":[{"href":"https:\/\/www.ahero.com.co\/index.php?rest_route=%2Fwp%2Fv2%2Fmedia&parent=17"}],"curies":[{"name":"wp","href":"https:\/\/api.w.org\/{rel}","templated":true}]}}