{"id":9,"date":"2013-05-21T02:17:54","date_gmt":"2013-05-21T02:17:54","guid":{"rendered":"http:\/\/ahero.com.co\/?page_id=9"},"modified":"2018-10-03T19:27:24","modified_gmt":"2018-10-03T19:27:24","slug":"empresa","status":"publish","type":"page","link":"https:\/\/www.ahero.com.co\/?page_id=9","title":{"rendered":"Empresa"},"content":{"rendered":"<h3>AherO Estudios T\u00e9cnicos Agr\u00edcolas S.A.S., es una Empresa Unipersonal de Consultor\u00eda e Interventor\u00eda en temas Agr\u00edcolas, con especialidad en caf\u00e9. Fue fundada en Enero 30 de 2004.<\/h3>\n<p><\/br><br \/>\n<\/br><br \/>\n<img loading=\"lazy\" decoding=\"async\" class=\"aligncenter size-large wp-image-68\" alt=\"Empresa\" src=\"https:\/\/ahero.com.co\/wp-content\/uploads\/2013\/05\/Empresa-1024x682.jpg\" width=\"650\" height=\"392\" \/><\/p>\n","protected":false},"excerpt":{"rendered":"<p>AherO Estudios T\u00e9cnicos Agr\u00edcolas S.A.S., es una Empresa Unipersonal de Consultor\u00eda e Interventor\u00eda en temas Agr\u00edcolas, con especialidad en caf\u00e9. Fue fundada en Enero 30 de 2004.<\/p>\n","protected":false},"author":1,"featured_media":0,"parent":0,"menu_order":0,"comment_status":"open","ping_status":"closed","template":"template-fullwidth.php","meta":{"footnotes":""},"class_list":["post-9","page","type-page","status-publish","hentry"],"_links":{"self":[{"href":"https:\/\/www.ahero.com.co\/index.php?rest_route=\/wp\/v2\/pages\/9"}],"collection":[{"href":"https:\/\/www.ahero.com.co\/index.php?rest_route=\/wp\/v2\/pages"}],"about":[{"href":"https:\/\/www.ahero.com.co\/index.php?rest_route=\/wp\/v2\/types\/page"}],"author":[{"embeddable":true,"href":"https:\/\/www.ahero.com.co\/index.php?rest_route=\/wp\/v2\/users\/1"}],"replies":[{"embeddable":true,"href":"https:\/\/www.ahero.com.co\/index.php?rest_route=%2Fwp%2Fv2%2Fcomments&post=9"}],"version-history":[{"count":19,"href":"https:\/\/www.ahero.com.co\/index.php?rest_route=\/wp\/v2\/pages\/9\/revisions"}],"predecessor-version":[{"id":131,"href":"https:\/\/www.ahero.com.co\/index.php?rest_route=\/wp\/v2\/pages\/9\/revisions\/131"}],"wp:attachment":[{"href":"https:\/\/www.ahero.com.co\/index.php?rest_route=%2Fwp%2Fv2%2Fmedia&parent=9"}],"curies":[{"name":"wp","href":"https:\/\/api.w.org\/{rel}","templated":true}]}}